{"id":15884,"date":"2019-03-07T19:27:27","date_gmt":"2019-03-07T17:27:27","guid":{"rendered":"http:\/\/www.akcakontrplak.com\/?page_id=15884"},"modified":"2020-11-06T10:45:47","modified_gmt":"2020-11-06T08:45:47","slug":"insan-kaynaklari-politikasi","status":"publish","type":"page","link":"https:\/\/www.akcakontrplak.com\/en\/insan-kaynaklari-politikasi\/","title":{"rendered":"\u0130nsan Kaynaklar\u0131 Politikas\u0131"},"content":{"rendered":"<div class=\"wpb-content-wrapper\"><p>[vc_row css_animation=&#8221;&#8221; row_type=&#8221;row&#8221; use_row_as_full_screen_section=&#8221;no&#8221; type=&#8221;grid&#8221; angled_section=&#8221;no&#8221; text_align=&#8221;left&#8221; background_image_as_pattern=&#8221;without_pattern&#8221;][vc_column width=&#8221;2\/3&#8243;][vc_empty_space height=&#8221;30&#8243;][vc_text_separator title=&#8221;Humar Resource Policy&#8221; border=&#8221;no&#8221;][vc_empty_space height=&#8221;50&#8243;][vc_column_text]<strong>\u00a0 \u00a0 <\/strong>\u00a0Here at Akca Plywood, we believe that human resources are our most valuable asset. Thats are policy and its founded on creating an expert profile that is highly motivatad, teamworking, highly competent and valuable.<\/p>\n<p><strong>\u00a0<\/strong><\/p>\n<p><strong>\u00a0<\/strong><\/p>\n<p><strong>Human Resource Policy <\/strong><\/p>\n<p><strong>\u00a0<\/strong><\/p>\n<ul>\n<li><b>Ensuring to employ the right person in the right position.<\/b><\/li>\n<\/ul>\n<p>&nbsp;<\/p>\n<ul>\n<li><strong>Creating a healthy, safe and peaceful working environment.<\/strong><\/li>\n<\/ul>\n<p>&nbsp;<\/p>\n<ul>\n<li><strong>Objectively\u00a0 evaluate and reward employee performance.<\/strong><\/li>\n<\/ul>\n<p>&nbsp;<\/p>\n<ul>\n<li><strong>Protect and guarantee the personal and human right of our employees\u00a0<\/strong><\/li>\n<\/ul>\n<p>[\/vc_column_text][vc_separator type=&#8221;normal&#8221;][vc_empty_space][vc_single_image image=&#8221;15651&#8243; img_size=&#8221;500&#215;361&#8243; alignment=&#8221;center&#8221; style=&#8221;vc_box_shadow_3d&#8221; qode_css_animation=&#8221;&#8221;][\/vc_column][vc_column width=&#8221;1\/3&#8243;][vc_empty_space height=&#8221;30&#8243;][vc_text_separator title=&#8221;Employment Criteria&#8221; border=&#8221;no&#8221;][vc_empty_space height=&#8221;50&#8243;][vc_column_text]In our company we employ our staff in order to achieve the goals we are aimng for in the sector. It is a policy of ours to place the most competent and most professional person in each position.<\/p>\n<p>&nbsp;<\/p>\n<ul>\n<li><strong>Vision <\/strong><\/li>\n<\/ul>\n<p>&nbsp;<\/p>\n<ul>\n<li><strong>Efficiency when working with a team<\/strong><\/li>\n<\/ul>\n<p>&nbsp;<\/p>\n<ul>\n<li><strong>Sharing the company&#8217;s vision and goals.<br \/>\n<\/strong><\/li>\n<\/ul>\n<p>&nbsp;<\/p>\n<ul>\n<li><b><b>To fully carry the responsibilities of their position.<\/b><\/b><\/li>\n<\/ul>\n<p>&nbsp;<\/p>\n<ul>\n<li><strong>Continuous self-improvement.<\/strong><\/li>\n<\/ul>\n<p>&nbsp;<\/p>\n<ul>\n<li><b>To be able to work and operate well under high pressure.<\/b><\/li>\n<\/ul>\n<p>&nbsp;<\/p>\n<p>&nbsp;<\/p>\n<p>If you meet our criteria, we would be pleased to have you on board with us. Please fill the form below and our staff will reply as soon as possible[\/vc_column_text][vc_empty_space height=&#8221;50&#8243;]<a  itemprop=\"url\" href=\"\/en\/basvuru\" target=\"_self\"  class=\"qbutton  large default\" style=\"\">Application Form<i class=\"qode_icon_font_awesome fa fa-pencil-square qode_button_icon_element\" style=\"color: #ffffff;\" ><\/i><\/a>[\/vc_column][\/vc_row][vc_row css_animation=&#8221;&#8221; row_type=&#8221;row&#8221; use_row_as_full_screen_section=&#8221;no&#8221; type=&#8221;full_width&#8221; angled_section=&#8221;no&#8221; text_align=&#8221;left&#8221; background_image_as_pattern=&#8221;without_pattern&#8221;][vc_column][vc_column_text]<br \/>\n[\/vc_column_text][vc_empty_space height=&#8221;30&#8243;][\/vc_column][\/vc_row][vc_row css_animation=&#8221;&#8221; row_type=&#8221;row&#8221; use_row_as_full_screen_section=&#8221;no&#8221; type=&#8221;full_width&#8221; angled_section=&#8221;no&#8221; text_align=&#8221;center&#8221; background_image_as_pattern=&#8221;without_pattern&#8221; background_color=&#8221;#bb2222&#8243; css=&#8221;.vc_custom_1551962137793{background-color: #961b1e !important;}&#8221; z_index=&#8221;&#8221;][vc_column width=&#8221;1\/2&#8243;][vc_text_separator title=&#8221;Address&#8221; border=&#8221;no&#8221;][vc_column_text]<\/p>\n<p style=\"text-align: center;\"><span style=\"color: #ffffff;\">Ankara Yolu Bulvar\u0131 6. Km No: 61 \u00a0\u00c7orum TURKEY<\/span><\/p>\n<p style=\"text-align: center;\"><span style=\"color: #ffffff;\">Tel: +90 364 235 01 32<\/span><\/p>\n<p style=\"text-align: center;\"><span style=\"color: #ffffff;\">\u00a0<\/span><\/p>\n<p>[\/vc_column_text][\/vc_column][vc_column width=&#8221;1\/2&#8243;][vc_text_separator title=&#8221;Social&#8221; border=&#8221;no&#8221;]<span class='q_social_icon_holder square_social' data-color=#98151b ><a itemprop='url' href='https:\/\/www.facebook.com\/AkcaPlywood\/' target='_blank'><span class='fa-stack fa-2x' style='background-color: #ffffff;'><i class=\"qode_icon_font_awesome fa fa-facebook \" style=\"color: #98151b;\" ><\/i><\/span><\/a><\/span><span class='q_social_icon_holder square_social' data-color=#98151b data-hover-background-color=#ffffff ><a itemprop='url' href='https:\/\/instagram.com\/akcaplywood' target='_blank'><span class='fa-stack fa-2x' style='background-color: #ffffff;'><i class=\"qode_icon_font_awesome fa fa-instagram \" style=\"color: #98151b;\" ><\/i><\/span><\/a><\/span><span class='q_social_icon_holder square_social' data-color=#98151b data-hover-background-color=#ffffff ><a itemprop='url' href='mailto:sales@akcaplywood.com' target='_self'><span class='fa-stack fa-2x' style='background-color: #ffffff;'><i class=\"qode_icon_font_awesome fa fa-envelope \" style=\"color: #98151b;\" ><\/i><\/span><\/a><\/span>[\/vc_column][\/vc_row]<\/p>\n<\/div>","protected":false},"excerpt":{"rendered":"<p>[vc_row css_animation=&#8221;&#8221; row_type=&#8221;row&#8221; use_row_as_full_screen_section=&#8221;no&#8221; type=&#8221;grid&#8221; angled_section=&#8221;no&#8221; text_align=&#8221;left&#8221; background_image_as_pattern=&#8221;without_pattern&#8221;][vc_column width=&#8221;2\/3&#8243;][vc_empty_space height=&#8221;30&#8243;][vc_text_separator title=&#8221;Humar Resource Policy&#8221; border=&#8221;no&#8221;][vc_empty_space height=&#8221;50&#8243;][vc_column_text]\u00a0 \u00a0 \u00a0Here at Akca Plywood, we believe that human resources are our most valuable asset. Thats are policy and its founded on creating an expert profile that is highly motivatad,&#8230;<\/p>\n","protected":false},"author":1,"featured_media":0,"parent":0,"menu_order":0,"comment_status":"closed","ping_status":"closed","template":"full_width.php","meta":{"footnotes":""},"_links":{"self":[{"href":"https:\/\/www.akcakontrplak.com\/en\/wp-json\/wp\/v2\/pages\/15884"}],"collection":[{"href":"https:\/\/www.akcakontrplak.com\/en\/wp-json\/wp\/v2\/pages"}],"about":[{"href":"https:\/\/www.akcakontrplak.com\/en\/wp-json\/wp\/v2\/types\/page"}],"author":[{"embeddable":true,"href":"https:\/\/www.akcakontrplak.com\/en\/wp-json\/wp\/v2\/users\/1"}],"replies":[{"embeddable":true,"href":"https:\/\/www.akcakontrplak.com\/en\/wp-json\/wp\/v2\/comments?post=15884"}],"version-history":[{"count":17,"href":"https:\/\/www.akcakontrplak.com\/en\/wp-json\/wp\/v2\/pages\/15884\/revisions"}],"predecessor-version":[{"id":16128,"href":"https:\/\/www.akcakontrplak.com\/en\/wp-json\/wp\/v2\/pages\/15884\/revisions\/16128"}],"wp:attachment":[{"href":"https:\/\/www.akcakontrplak.com\/en\/wp-json\/wp\/v2\/media?parent=15884"}],"curies":[{"name":"wp","href":"https:\/\/api.w.org\/{rel}","templated":true}]}}